{"id":207,"date":"2020-05-06T11:29:23","date_gmt":"2020-05-06T09:29:23","guid":{"rendered":"http:\/\/neopsicologiagranada.com\/?page_id=207"},"modified":"2020-05-07T12:53:37","modified_gmt":"2020-05-07T10:53:37","slug":"nuevas-medidas-contra-el-covid19","status":"publish","type":"page","link":"https:\/\/neopsicologiagranada.com\/","title":{"rendered":"Nuevas medidas contra el coronavirus"},"content":{"rendered":"<h3><a href=\"http:\/\/neopsicologiagranada.com\/index.php\/2020\/05\/07\/disponible-para-cita-presencial-y-telematica\/\"><strong>Nuevas medidas en la consulta de psicolog\u00eda de Nieves Escribano Ortiz<\/strong><\/a><\/h3>\n<p>&nbsp;<\/p>\n<p><img loading=\"lazy\" decoding=\"async\" class=\"size-medium wp-image-217 alignright\" src=\"http:\/\/neopsicologiagranada.com\/wp-content\/uploads\/2020\/05\/consulta01-300x225.jpg\" alt=\"Medidas de higiene contra el covid19\" width=\"300\" height=\"225\" srcset=\"https:\/\/neopsicologiagranada.com\/wp-content\/uploads\/2020\/05\/consulta01-300x225.jpg 300w, https:\/\/neopsicologiagranada.com\/wp-content\/uploads\/2020\/05\/consulta01-768x575.jpg 768w, https:\/\/neopsicologiagranada.com\/wp-content\/uploads\/2020\/05\/consulta01.jpg 1000w\" sizes=\"auto, (max-width: 300px) 100vw, 300px\" \/><\/p>\n<p><span style=\"font-size: 14px;\"><b>Medidas de <\/b><\/span><strong>higiene:<\/strong><\/p>\n<p>1- Mampara protectora.<\/p>\n<p>2- Desinfecci\u00f3n constante de las zonas comunes,<\/p>\n<p>3- Escalonamiento de citas para evitar concurrencia de personas y para poder realizar la limpieza necesaria entre citas.<\/p>\n<p>4- Higiene de manos.<\/p>\n<p>&nbsp;<\/p>\n<p>&nbsp;<\/p>\n<p><strong><img loading=\"lazy\" decoding=\"async\" class=\"size-medium wp-image-218 alignleft\" src=\"http:\/\/neopsicologiagranada.com\/wp-content\/uploads\/2020\/05\/consulta02-300x225.jpg\" alt=\"\" width=\"300\" height=\"225\" srcset=\"https:\/\/neopsicologiagranada.com\/wp-content\/uploads\/2020\/05\/consulta02-300x225.jpg 300w, https:\/\/neopsicologiagranada.com\/wp-content\/uploads\/2020\/05\/consulta02-768x575.jpg 768w, https:\/\/neopsicologiagranada.com\/wp-content\/uploads\/2020\/05\/consulta02.jpg 1000w\" sizes=\"auto, (max-width: 300px) 100vw, 300px\" \/>Obligaciones por parte del usuario:<\/strong><\/p>\n<p>1- <a href=\"http:\/\/neopsicologiagranada.com\/index.php\/contacto\/\">Pedir cita por v\u00eda telef\u00f3nica, e-mail o a trav\u00e9s de whatsapp, indicando la modalidad elegida: presencial o telem\u00e1tica.<\/a><\/p>\n<p>2- No acudir sin cita previa.<\/p>\n<p>3- Puntualidad al acudir a la cita y al finalizarla.<\/p>\n<p>4- Higiene de manos<\/p>\n<p>5- No acudir a la consulta si muestra s\u00edntomas, est\u00e1 en cuarentena o ha estado en contacto con alguien que lo est\u00e9.<\/p>\n<p>6- Respetar la distancia de seguridad.<\/p>\n<p><strong>Recomendaciones:<\/strong><\/p>\n<p>1- Uso de mascarilla.<\/p>\n<p>2- No usar el ba\u00f1o ni otras zonas comunes a no ser que sea estrictamente necesario.<\/p>\n<p>3- Uso de guantes.<\/p>\n<p>4- Control de temperatura.<\/p>\n","protected":false},"excerpt":{"rendered":"<p>Medidas de higiene contra el covid 19 en la consulta de psicolog\u00eda<\/p>\n","protected":false},"author":2,"featured_media":0,"parent":0,"menu_order":0,"comment_status":"closed","ping_status":"closed","template":"","meta":{"_monsterinsights_skip_tracking":false,"_monsterinsights_sitenote_active":false,"_monsterinsights_sitenote_note":"","_monsterinsights_sitenote_category":0,"footnotes":""},"class_list":["post-207","page","type-page","status-publish","hentry"],"jetpack_sharing_enabled":true,"_links":{"self":[{"href":"https:\/\/neopsicologiagranada.com\/index.php\/wp-json\/wp\/v2\/pages\/207","targetHints":{"allow":["GET"]}}],"collection":[{"href":"https:\/\/neopsicologiagranada.com\/index.php\/wp-json\/wp\/v2\/pages"}],"about":[{"href":"https:\/\/neopsicologiagranada.com\/index.php\/wp-json\/wp\/v2\/types\/page"}],"author":[{"embeddable":true,"href":"https:\/\/neopsicologiagranada.com\/index.php\/wp-json\/wp\/v2\/users\/2"}],"replies":[{"embeddable":true,"href":"https:\/\/neopsicologiagranada.com\/index.php\/wp-json\/wp\/v2\/comments?post=207"}],"version-history":[{"count":12,"href":"https:\/\/neopsicologiagranada.com\/index.php\/wp-json\/wp\/v2\/pages\/207\/revisions"}],"predecessor-version":[{"id":239,"href":"https:\/\/neopsicologiagranada.com\/index.php\/wp-json\/wp\/v2\/pages\/207\/revisions\/239"}],"wp:attachment":[{"href":"https:\/\/neopsicologiagranada.com\/index.php\/wp-json\/wp\/v2\/media?parent=207"}],"curies":[{"name":"wp","href":"https:\/\/api.w.org\/{rel}","templated":true}]}}